{"id":1180,"date":"2024-10-24T09:22:41","date_gmt":"2024-10-24T07:22:41","guid":{"rendered":"https:\/\/www.invator.se\/retningslinjer-for-personopplysninger\/"},"modified":"2025-06-03T15:25:49","modified_gmt":"2025-06-03T13:25:49","slug":"retningslinjer-for-personopplysninger","status":"publish","type":"page","link":"https:\/\/www.invator.se\/no\/retningslinjer-for-personopplysninger\/","title":{"rendered":"Retningslinjer for personopplysninger"},"content":{"rendered":"<div class=\"gb-container gb-container-f66515bb\">\n\n<h1 class=\"gb-headline gb-headline-dcdcf9a2 gb-headline-text\">Retningslinjer for personopplysninger<\/h1>\n\n\n\n<p>I Invator AB tar vi beskyttelsen av dine personopplysninger sv\u00e6rt alvorlig og f\u00f8lger gjeldende personvernlovgivning, inkludert EUs personvernlovgivning.<\/p>\n\n\n\n<p>Generell forordning om databeskyttelse (GDPR). Denne erkl\u00e6ringen beskriver hvordan vi samler inn, behandler og beskytter personopplysningene dine n\u00e5r du bruker v\u00e5re tjenester innen analyser og tiltaksforslag for betongkonstruksjoner. <\/p>\n\n\n\n<h3 class=\"gb-headline gb-headline-45041c14 gb-headline-text\">Form\u00e5let med behandlingen<\/h3>\n\n\n\n<p>Personopplysninger samles inn og behandles for \u00e5:<\/p>\n\n\n\n<ul class=\"wp-block-list\">\n<li>Tilby og forbedre v\u00e5re tjenester innen analyser og tiltaksforslag for betongkonstruksjoner.<\/li>\n\n\n\n<li>H\u00e5ndtering av kunderelasjoner, inkludert fakturering, betaling og prosjektoppf\u00f8lging.<\/li>\n\n\n\n<li>Kommunisere viktig informasjon om v\u00e5re tjenester eller endringer i v\u00e5re vilk\u00e5r og betingelser.<\/li>\n\n\n\n<li>Overholde lovp\u00e5lagte krav, for eksempel bokf\u00f8rings- og regnskapslovgivning.<\/li>\n\n\n\n<li>Markedsf\u00f8ring av v\u00e5re tjenester, der du har gitt ditt samtykke.<\/li>\n<\/ul>\n\n\n\n<p>Opplysningene vi samler inn, kan omfatte kontaktinformasjon (for eksempel navn, telefonnummer, e-postadresse), tekniske data knyttet til prosjektene vi administrerer, og annen relevant informasjon som er n\u00f8dvendig for \u00e5 levere tjenestene v\u00e5re.<\/p>\n\n\n\n<h3 class=\"gb-headline gb-headline-194d3446 gb-headline-text\">Lagring av personopplysninger<\/h3>\n\n\n\n<p>Vi oppbevarer personopplysningene dine bare s\u00e5 lenge det er n\u00f8dvendig for \u00e5 oppfylle de form\u00e5lene som er angitt ovenfor, eller s\u00e5 lenge vi er p\u00e5lagt \u00e5 gj\u00f8re det i henhold til gjeldende lov. N\u00e5r personopplysningene ikke lenger er relevante for disse form\u00e5lene, eller hvis det ikke lenger er lovp\u00e5lagt \u00e5 oppbevare dem, vil opplysningene bli slettet eller anonymisert p\u00e5 en sikker m\u00e5te. <\/p>\n\n\n\n<h3 class=\"gb-headline gb-headline-2fdd2129 gb-headline-text\">Dine rettigheter<\/h3>\n\n\n\n<p>Som registrert har du f\u00f8lgende rettigheter i henhold til personvernforordningen:<\/p>\n\n\n\n<ul class=\"wp-block-list\">\n<li>Du har rett til \u00e5 be om innsyn i personopplysningene vi har om deg, inkludert informasjon om hvordan de brukes.<\/li>\n\n\n\n<li>Du har rett til \u00e5 be om retting av uriktige eller ufullstendige opplysninger som vi behandler.<\/li>\n\n\n\n<li>Du har rett til \u00e5 be om at vi sletter personopplysningene dine n\u00e5r de ikke lenger er n\u00f8dvendige for de form\u00e5lene de ble samlet inn for, eller hvis behandlingen er ulovlig.<\/li>\n\n\n\n<li>Du kan be oss om \u00e5 begrense behandlingen av opplysningene dine hvis du mener at de blir behandlet p\u00e5 feil m\u00e5te.<\/li>\n\n\n\n<li>Du har rett til \u00e5 protestere mot behandling av opplysningene dine for direkte markedsf\u00f8ringsform\u00e5l.<\/li>\n\n\n\n<li>Du kan be om \u00e5 f\u00e5 utlevert opplysningene vi har om deg i et strukturert, alminnelig anvendt og maskinlesbart format (dataportabilitet).<\/li>\n\n\n\n<li>Hvis v\u00e5r behandling av opplysningene dine er basert p\u00e5 ditt samtykke, har du rett til n\u00e5r som helst \u00e5 trekke tilbake dette samtykket.<\/li>\n<\/ul>\n\n\n\n<p>Hvis du vil ut\u00f8ve dine rettigheter eller har sp\u00f8rsm\u00e5l om v\u00e5r behandling av personopplysninger, kan du kontakte oss.<\/p>\n\n\n\n<h3 class=\"gb-headline gb-headline-481110dd gb-headline-text\">Deling av personopplysninger<\/h3>\n\n\n\n<p>Vi deler ikke personopplysningene dine med tredjeparter, med mindre det er n\u00f8dvendig for \u00e5 oppfylle de ovennevnte form\u00e5lene eller er lovp\u00e5lagt. N\u00e5r vi deler personopplysningene dine med eksterne leverand\u00f8rer, for eksempel for teknisk st\u00f8tte eller analysearbeid, s\u00f8rger vi for at disse partene overholder personvernforordningen og har iverksatt egnede sikkerhetstiltak for opplysningene dine. <\/p>\n\n\n\n<h3 class=\"gb-headline gb-headline-f29fa884 gb-headline-text\">Sikkerhet og trygghet<\/h3>\n\n\n\n<p>Vi iverksetter alle n\u00f8dvendige tekniske og organisatoriske sikkerhetstiltak for \u00e5 beskytte personopplysningene dine mot uautorisert tilgang, endring, tap eller utlevering. Systemene og prosessene v\u00e5re revideres regelmessig for \u00e5 sikre at de oppfyller kravene i personvernforordningen om beskyttelse av personopplysninger. <\/p>\n\n\n\n<h3 class=\"gb-headline gb-headline-85967b9a gb-headline-text\">Kontaktinformasjon<\/h3>\n\n\n\n<p>Hvis du har sp\u00f8rsm\u00e5l om disse retningslinjene, kan du kontakte oss p\u00e5:<br\/><br\/><strong>Invator AB<\/strong><br\/>Box 1093<br\/>181 22 Liding\u00f6<br\/><br\/>E-post: <a href=\"mailto:info@invator.se\">info@invator.se<\/a><\/p>\n\n<\/div>\n<p><\/p>\n","protected":false},"excerpt":{"rendered":"<p>Retningslinjer for personopplysninger I Invator AB tar vi beskyttelsen av dine personopplysninger sv\u00e6rt alvorlig og f\u00f8lger gjeldende personvernlovgivning, inkludert EUs personvernlovgivning. Generell forordning om databeskyttelse (GDPR). Denne erkl\u00e6ringen beskriver hvordan vi samler inn, behandler og beskytter personopplysningene dine n\u00e5r du bruker v\u00e5re tjenester innen analyser og tiltaksforslag for betongkonstruksjoner. Form\u00e5let med behandlingen Personopplysninger samles inn &#8230; <a title=\"Retningslinjer for personopplysninger\" class=\"read-more\" href=\"https:\/\/www.invator.se\/no\/retningslinjer-for-personopplysninger\/\" aria-label=\"Read more about Retningslinjer for personopplysninger\">Les mer<\/a><\/p>\n","protected":false},"author":1,"featured_media":0,"parent":0,"menu_order":0,"comment_status":"closed","ping_status":"closed","template":"","meta":{"_acf_changed":false,"footnotes":""},"class_list":["post-1180","page","type-page","status-publish"],"acf":[],"_links":{"self":[{"href":"https:\/\/www.invator.se\/no\/wp-json\/wp\/v2\/pages\/1180","targetHints":{"allow":["GET"]}}],"collection":[{"href":"https:\/\/www.invator.se\/no\/wp-json\/wp\/v2\/pages"}],"about":[{"href":"https:\/\/www.invator.se\/no\/wp-json\/wp\/v2\/types\/page"}],"author":[{"embeddable":true,"href":"https:\/\/www.invator.se\/no\/wp-json\/wp\/v2\/users\/1"}],"replies":[{"embeddable":true,"href":"https:\/\/www.invator.se\/no\/wp-json\/wp\/v2\/comments?post=1180"}],"version-history":[{"count":1,"href":"https:\/\/www.invator.se\/no\/wp-json\/wp\/v2\/pages\/1180\/revisions"}],"predecessor-version":[{"id":1183,"href":"https:\/\/www.invator.se\/no\/wp-json\/wp\/v2\/pages\/1180\/revisions\/1183"}],"wp:attachment":[{"href":"https:\/\/www.invator.se\/no\/wp-json\/wp\/v2\/media?parent=1180"}],"curies":[{"name":"wp","href":"https:\/\/api.w.org\/{rel}","templated":true}]}}