{"id":1200,"date":"2024-06-12T14:10:07","date_gmt":"2024-06-12T12:10:07","guid":{"rendered":"https:\/\/www.invator.se\/utvikling-og-innovasjon\/"},"modified":"2025-06-03T15:26:05","modified_gmt":"2025-06-03T13:26:05","slug":"utvikling-og-innovasjon","status":"publish","type":"page","link":"https:\/\/www.invator.se\/no\/utvikling-og-innovasjon\/","title":{"rendered":"Utvikling og innovasjon"},"content":{"rendered":"\n<p>I \u00e5renes l\u00f8p har vi blitt gode p\u00e5 utvikling og innovasjon. Denne kunnskapen \u00f8nsker vi \u00e5 dele med kundene v\u00e5re. Det gj\u00f8r vi ved \u00e5 \u00f8ke innovasjonskapasiteten, effektivisere forsknings- og utviklingsprosessen og p\u00e5 den m\u00e5ten \u00f8ke verdien av produktene og tjenestene dine for kundene dine og dermed vinne markedsandeler. Vi gj\u00f8r dette ved \u00e5 kartlegge bedriftens fortid, n\u00e5tid og fremtid.   <\/p>\n\n<ul class=\"wp-block-list\">\n<li><strong>Fortid<\/strong> &#8211; forbedre ved \u00e5 forlate produkter\/arbeidsmetoder\/tjenester\/forretningsmodeller som ikke lenger er relevante &#8211; det fungerte i g\u00e5r, men ikke i dag<\/li>\n\n\n\n<li><strong>N\u00e5tid<\/strong> &#8211; forbedring gjennom optimalisering av dagens drift &#8211; hva fungerer bra? Kan det gj\u00f8res bedre? <\/li>\n\n\n\n<li><strong>Fremtiden<\/strong> &#8211; forbedring for \u00e5 muliggj\u00f8re innovasjon &#8211; behov for nye modeller &#8211; hvordan er dine n\u00e5v\u00e6rende og fremtidige kunder?<\/li>\n<\/ul>\n\n<h2 class=\"gb-headline gb-headline-956547b6 gb-headline-text\">Prosessen som mange selskaper overser<\/h2>\n\n<p>Byggeprosessen er fragmentert og blir av andre ofte sett p\u00e5 som uutviklet og lite innovativ. Vi er uenige i dette. Vi har evnen til \u00e5 l\u00f8se problemer og se muligheter &#8211; ofte i eksisterende prosjekter. Vi l\u00e6rer raskt av andre og anvender dette i v\u00e5r egen bransje. Det vi ofte mangler, er en prosess for \u00e5 ta l\u00e6rdommen med oss og implementere den i fremtidige prosjekter. Ofte mangler det en struktur for hvordan man utvikler og innoverer. Vi hjelper deg med \u00e5 lykkes bedre.      <\/p>\n\n<ul class=\"wp-block-list\">\n<li>Vi hjelper deg med \u00e5 sikre at du har de riktige forretningsmodellene, produktene, tjenestene og tilbudene &#8211; st\u00f8ttet av gode systemer og prosesser.<\/li>\n\n\n\n<li>Vi hjelper deg med \u00e5 skape vekst ved \u00e5 utvikle innovative og markedsorienterte forretningsmodeller og tilbud. Dette inneb\u00e6rer blant annet \u00e5 hjelpe deg med \u00e5 utvikle rammeverk, identifisere muligheter og utvikle og implementere innovasjonsprosessen. <\/li>\n\n\n\n<li>Vi hjelper deg med \u00e5 identifisere de riktige strategiene for tilbud basert p\u00e5 virksomheten din, og definerer veikart.<\/li>\n\n\n\n<li>Vi hjelper deg med \u00e5 forbedre produktiviteten, effektiviteten og optimalisere FoU- og innovasjonsprosessen. Det betyr at du f\u00e5r en mer effektiv styring av tilbudene dine <\/li>\n<\/ul>\n\n<p>Vi har tatt i bruk denne innovasjonsmetodikken i v\u00e5r egen prosess og videreutvikler tilstandsvurdering ved hjelp av maskinl\u00e6ring, f.eks. deteksjon og automatisk evaluering av sprekker i betong ved hjelp av droner. Dette arbeidet vil bli en viktig del av forretningsprosessen v\u00e5r, slik at vi kan oppn\u00e5 den mest n\u00f8yaktige og kostnadseffektive helhetsvurderingen av prosjektene vi jobber med. <\/p>\n\n<p><\/p>\n","protected":false},"excerpt":{"rendered":"<p>I \u00e5renes l\u00f8p har vi blitt gode p\u00e5 utvikling og innovasjon. Denne kunnskapen \u00f8nsker vi \u00e5 dele med kundene v\u00e5re. Det gj\u00f8r vi ved \u00e5 \u00f8ke innovasjonskapasiteten, effektivisere forsknings- og utviklingsprosessen og p\u00e5 den m\u00e5ten \u00f8ke verdien av produktene og tjenestene dine for kundene dine og dermed vinne markedsandeler. Vi gj\u00f8r dette ved \u00e5 kartlegge &#8230; <a title=\"Utvikling og innovasjon\" class=\"read-more\" href=\"https:\/\/www.invator.se\/no\/utvikling-og-innovasjon\/\" aria-label=\"Read more about Utvikling og innovasjon\">Les mer<\/a><\/p>\n","protected":false},"author":1,"featured_media":890,"parent":0,"menu_order":0,"comment_status":"closed","ping_status":"closed","template":"","meta":{"_acf_changed":false,"footnotes":""},"class_list":["post-1200","page","type-page","status-publish","has-post-thumbnail"],"acf":[],"_links":{"self":[{"href":"https:\/\/www.invator.se\/no\/wp-json\/wp\/v2\/pages\/1200","targetHints":{"allow":["GET"]}}],"collection":[{"href":"https:\/\/www.invator.se\/no\/wp-json\/wp\/v2\/pages"}],"about":[{"href":"https:\/\/www.invator.se\/no\/wp-json\/wp\/v2\/types\/page"}],"author":[{"embeddable":true,"href":"https:\/\/www.invator.se\/no\/wp-json\/wp\/v2\/users\/1"}],"replies":[{"embeddable":true,"href":"https:\/\/www.invator.se\/no\/wp-json\/wp\/v2\/comments?post=1200"}],"version-history":[{"count":1,"href":"https:\/\/www.invator.se\/no\/wp-json\/wp\/v2\/pages\/1200\/revisions"}],"predecessor-version":[{"id":1201,"href":"https:\/\/www.invator.se\/no\/wp-json\/wp\/v2\/pages\/1200\/revisions\/1201"}],"wp:featuredmedia":[{"embeddable":true,"href":"https:\/\/www.invator.se\/no\/wp-json\/wp\/v2\/media\/890"}],"wp:attachment":[{"href":"https:\/\/www.invator.se\/no\/wp-json\/wp\/v2\/media?parent=1200"}],"curies":[{"name":"wp","href":"https:\/\/api.w.org\/{rel}","templated":true}]}}